{"id":520,"date":"2019-09-08T12:43:22","date_gmt":"2019-09-08T10:43:22","guid":{"rendered":"https:\/\/www.babybedenkzeit.de\/\/?page_id=520"},"modified":"2019-09-29T11:34:24","modified_gmt":"2019-09-29T09:34:24","slug":"schulen","status":"publish","type":"page","link":"https:\/\/babybedenkzeit.de\/nl\/fuer-fachkraefte\/schulen\/","title":{"rendered":"Scholen"},"content":{"rendered":"\t\t<div data-elementor-type=\"wp-post\" data-elementor-id=\"520\" class=\"elementor elementor-520\">\n\t\t\t\t\t\t<section class=\"elementor-section elementor-top-section elementor-element elementor-element-3d75173 elementor-section-boxed elementor-section-height-default elementor-section-height-default\" data-id=\"3d75173\" data-element_type=\"section\" data-e-type=\"section\" data-settings=\"{&quot;jet_parallax_layout_list&quot;:[{&quot;jet_parallax_layout_image&quot;:{&quot;url&quot;:&quot;&quot;,&quot;id&quot;:&quot;&quot;,&quot;size&quot;:&quot;&quot;},&quot;_id&quot;:&quot;d7796ff&quot;,&quot;jet_parallax_layout_image_tablet&quot;:{&quot;url&quot;:&quot;&quot;,&quot;id&quot;:&quot;&quot;,&quot;size&quot;:&quot;&quot;},&quot;jet_parallax_layout_image_mobile&quot;:{&quot;url&quot;:&quot;&quot;,&quot;id&quot;:&quot;&quot;,&quot;size&quot;:&quot;&quot;},&quot;jet_parallax_layout_speed&quot;:{&quot;unit&quot;:&quot;%&quot;,&quot;size&quot;:50,&quot;sizes&quot;:[]},&quot;jet_parallax_layout_type&quot;:&quot;scroll&quot;,&quot;jet_parallax_layout_z_index&quot;:&quot;&quot;,&quot;jet_parallax_layout_bg_x&quot;:50,&quot;jet_parallax_layout_bg_y&quot;:50,&quot;jet_parallax_layout_bg_size&quot;:&quot;auto&quot;,&quot;jet_parallax_layout_animation_prop&quot;:&quot;transform&quot;,&quot;jet_parallax_layout_on&quot;:[&quot;desktop&quot;,&quot;tablet&quot;],&quot;jet_parallax_layout_direction&quot;:&quot;1&quot;,&quot;jet_parallax_layout_fx_direction&quot;:null,&quot;jet_parallax_layout_bg_x_tablet&quot;:&quot;&quot;,&quot;jet_parallax_layout_bg_x_mobile&quot;:&quot;&quot;,&quot;jet_parallax_layout_bg_y_tablet&quot;:&quot;&quot;,&quot;jet_parallax_layout_bg_y_mobile&quot;:&quot;&quot;,&quot;jet_parallax_layout_bg_size_tablet&quot;:&quot;&quot;,&quot;jet_parallax_layout_bg_size_mobile&quot;:&quot;&quot;}]}\">\n\t\t\t\t\t\t<div class=\"elementor-container elementor-column-gap-default\">\n\t\t\t\t\t<div class=\"elementor-column elementor-col-100 elementor-top-column elementor-element elementor-element-b0356f7\" data-id=\"b0356f7\" data-element_type=\"column\" data-e-type=\"column\">\n\t\t\t<div class=\"elementor-widget-wrap elementor-element-populated\">\n\t\t\t\t\t\t<div class=\"elementor-element elementor-element-a74b628 elementor-widget elementor-widget-text-editor\" data-id=\"a74b628\" data-element_type=\"widget\" data-e-type=\"widget\" data-widget_type=\"text-editor.default\">\n\t\t\t\t<div class=\"elementor-widget-container\">\n\t\t\t\t\t\t\t\t\t<h1>Informationen f\u00fcr Schulen<\/h1><p>Der Bildungsauftrag der Schulen sieht vor, Sch\u00fclerInnen zu bef\u00e4higen, ihr Leben selbstst\u00e4ndig und eigenverantwortlich zu gestalten. Hierzu geh\u00f6rt jedoch auch das Thema &#8222;Elternschaft&#8220;. Und am meisten lernt man, wenn man ausprobiert!<\/p><p>Das RealCare<sup>\u00ae<\/sup>\u00a0Elternprogramm l\u00e4sst sich sehr gut in Lehrpl\u00e4ne der F\u00e4cher Biologie, Sexualkunde, Werte und Normen\/Ethik einbeziehen. Viele Themen aus dem Bereich Elternschaft k\u00f6nnen in den Fachunterricht integriert werden. <br \/>Dabei k\u00f6nnen Sie selbst entscheiden, ob Sie das Praktikums mit den Babysimulatoren w\u00e4hrend einer Projektwoche realisieren oder ein mehrt\u00e4giges Praktikum in den normalen Schulalltag einbinden. Programmierbare Ruhezeiten oder die \u201aTagespflege\u2018 w\u00e4hrend der Unterrichtszeit lassen Ihnen alle erdenklichen Spielr\u00e4ume, um das Praktikum nach Ihren individuellen W\u00fcnschen in Ihren Schulalltag einzubinden. Es gibt langj\u00e4hrige und sehr gute Erfahrungen mit dem Programm in der Projektarbeit mit Klassen oder Sch\u00fclergruppen und der schulischen Sozialarbeit. Das zugeh\u00f6rige Programmhandbuch enth\u00e4lt umfangreiches Unterrichtsmaterial mit zahlreichen Anregungen und Kopiervorlagen.<\/p><p>Mehrfach im Jahr erscheint unser\u00a0<a href=\"https:\/\/www.babybedenkzeit.de\/\/newsletter\/\" data-wplink-url-error=\"true\">Newsletter<\/a>, der Anregungen und praktische Tipps sowie spezielle Produktangebote enth\u00e4lt.<\/p>\t\t\t\t\t\t\t\t<\/div>\n\t\t\t\t<\/div>\n\t\t\t\t\t<\/div>\n\t\t<\/div>\n\t\t\t\t\t<\/div>\n\t\t<\/section>\n\t\t\t\t<\/div>\n\t\t","protected":false},"excerpt":{"rendered":"<p>Informationen f\u00fcr Schulen Der Bildungsauftrag der Schulen sieht vor, Sch\u00fclerInnen zu bef\u00e4higen, ihr Leben selbstst\u00e4ndig und eigenverantwortlich zu gestalten. Hierzu geh\u00f6rt jedoch auch das Thema &#8222;Elternschaft&#8220;. Und am meisten lernt man, wenn man ausprobiert! Das RealCare\u00ae\u00a0Elternprogramm l\u00e4sst sich sehr gut in Lehrpl\u00e4ne der F\u00e4cher Biologie, Sexualkunde, Werte und Normen\/Ethik einbeziehen. Viele Themen aus dem Bereich [&hellip;]<\/p>\n","protected":false},"author":1,"featured_media":0,"parent":511,"menu_order":0,"comment_status":"closed","ping_status":"closed","template":"elementor_header_footer","meta":{"footnotes":""},"class_list":["post-520","page","type-page","status-publish","hentry"],"_links":{"self":[{"href":"https:\/\/babybedenkzeit.de\/nl\/wp-json\/wp\/v2\/pages\/520","targetHints":{"allow":["GET"]}}],"collection":[{"href":"https:\/\/babybedenkzeit.de\/nl\/wp-json\/wp\/v2\/pages"}],"about":[{"href":"https:\/\/babybedenkzeit.de\/nl\/wp-json\/wp\/v2\/types\/page"}],"author":[{"embeddable":true,"href":"https:\/\/babybedenkzeit.de\/nl\/wp-json\/wp\/v2\/users\/1"}],"replies":[{"embeddable":true,"href":"https:\/\/babybedenkzeit.de\/nl\/wp-json\/wp\/v2\/comments?post=520"}],"version-history":[{"count":0,"href":"https:\/\/babybedenkzeit.de\/nl\/wp-json\/wp\/v2\/pages\/520\/revisions"}],"up":[{"embeddable":true,"href":"https:\/\/babybedenkzeit.de\/nl\/wp-json\/wp\/v2\/pages\/511"}],"wp:attachment":[{"href":"https:\/\/babybedenkzeit.de\/nl\/wp-json\/wp\/v2\/media?parent=520"}],"curies":[{"name":"wp","href":"https:\/\/api.w.org\/{rel}","templated":true}]}}