{"id":522,"date":"2019-09-08T12:43:34","date_gmt":"2019-09-08T10:43:34","guid":{"rendered":"https:\/\/www.babybedenkzeit.de\/\/?page_id=522"},"modified":"2020-03-30T12:17:47","modified_gmt":"2020-03-30T10:17:47","slug":"beratungsstellen","status":"publish","type":"page","link":"https:\/\/babybedenkzeit.de\/nl\/fuer-fachkraefte\/beratungsstellen\/","title":{"rendered":"Voorlichtingscentra"},"content":{"rendered":"\t\t<div data-elementor-type=\"wp-post\" data-elementor-id=\"522\" class=\"elementor elementor-522\">\n\t\t\t\t\t\t<section class=\"elementor-section elementor-top-section elementor-element elementor-element-ba1c589 elementor-section-boxed elementor-section-height-default elementor-section-height-default\" data-id=\"ba1c589\" data-element_type=\"section\" data-e-type=\"section\" data-settings=\"{&quot;jet_parallax_layout_list&quot;:[{&quot;jet_parallax_layout_image&quot;:{&quot;url&quot;:&quot;&quot;,&quot;id&quot;:&quot;&quot;,&quot;size&quot;:&quot;&quot;},&quot;_id&quot;:&quot;134a0c5&quot;,&quot;jet_parallax_layout_image_tablet&quot;:{&quot;url&quot;:&quot;&quot;,&quot;id&quot;:&quot;&quot;,&quot;size&quot;:&quot;&quot;},&quot;jet_parallax_layout_image_mobile&quot;:{&quot;url&quot;:&quot;&quot;,&quot;id&quot;:&quot;&quot;,&quot;size&quot;:&quot;&quot;},&quot;jet_parallax_layout_speed&quot;:{&quot;unit&quot;:&quot;%&quot;,&quot;size&quot;:50,&quot;sizes&quot;:[]},&quot;jet_parallax_layout_type&quot;:&quot;scroll&quot;,&quot;jet_parallax_layout_z_index&quot;:&quot;&quot;,&quot;jet_parallax_layout_bg_x&quot;:50,&quot;jet_parallax_layout_bg_y&quot;:50,&quot;jet_parallax_layout_bg_size&quot;:&quot;auto&quot;,&quot;jet_parallax_layout_animation_prop&quot;:&quot;transform&quot;,&quot;jet_parallax_layout_on&quot;:[&quot;desktop&quot;,&quot;tablet&quot;],&quot;jet_parallax_layout_direction&quot;:&quot;1&quot;,&quot;jet_parallax_layout_fx_direction&quot;:null,&quot;jet_parallax_layout_bg_x_tablet&quot;:&quot;&quot;,&quot;jet_parallax_layout_bg_x_mobile&quot;:&quot;&quot;,&quot;jet_parallax_layout_bg_y_tablet&quot;:&quot;&quot;,&quot;jet_parallax_layout_bg_y_mobile&quot;:&quot;&quot;,&quot;jet_parallax_layout_bg_size_tablet&quot;:&quot;&quot;,&quot;jet_parallax_layout_bg_size_mobile&quot;:&quot;&quot;}]}\">\n\t\t\t\t\t\t<div class=\"elementor-container elementor-column-gap-default\">\n\t\t\t\t\t<div class=\"elementor-column elementor-col-100 elementor-top-column elementor-element elementor-element-ad07700\" data-id=\"ad07700\" data-element_type=\"column\" data-e-type=\"column\">\n\t\t\t<div class=\"elementor-widget-wrap elementor-element-populated\">\n\t\t\t\t\t\t<div class=\"elementor-element elementor-element-cdc030e elementor-widget elementor-widget-text-editor\" data-id=\"cdc030e\" data-element_type=\"widget\" data-e-type=\"widget\" data-widget_type=\"text-editor.default\">\n\t\t\t\t<div class=\"elementor-widget-container\">\n\t\t\t\t\t\t\t\t\t<h1>Informationen f\u00fcr Beratungsstellen<\/h1><p>Mit dem babybedenkzeit<sup>\u00ae<\/sup>\u00a0Elternprogramm k\u00f6nnen Jugendliche durch \u201aLearning by Doing\u2018 praktische Lernerfahrungen und Lerninhalte ganzheitlich erleben.<\/p><p>Beratungsstellen nutzen den Babysimulator RealCare Baby<sup>\u00ae<\/sup>\u00a0sowohl in der Einzelfallhilfe als auch in der Sozialen Gruppenarbeit, um Jugendliche zur Besch\u00e4ftigung mit der eigenen Lebensplanung anzuregen und mit ihnen &#8211; je nach Schwerpunkt der Beratungsarbeit &#8211; zu Themen wie Schwangerschaft, Verh\u00fctung, Geburt, Partnerschaft, Beziehung, elterliche Aufgaben und kindliche Bed\u00fcrfnisse zu arbeiten.<\/p><p>Sehns\u00fcchte und Hoffnungen Jugendlicher werden ernst genommen. In der sensiblen Auseinandersetzung mit ganz pers\u00f6nlichen Lebenspl\u00e4nen Jugendlicher entwickeln sich intensive Gespr\u00e4che.<\/p><p>Regelm\u00e4\u00dfig erscheint unser\u00a0<a href=\"https:\/\/www.babybedenkzeit.de\/\/newsletter\/\" data-wplink-url-error=\"true\">Newsletter<\/a>, der Anregungen und praktische Tipps sowie spezielle Produktangebote enth\u00e4lt.<\/p>\t\t\t\t\t\t\t\t<\/div>\n\t\t\t\t<\/div>\n\t\t\t\t\t<\/div>\n\t\t<\/div>\n\t\t\t\t\t<\/div>\n\t\t<\/section>\n\t\t\t\t<\/div>\n\t\t","protected":false},"excerpt":{"rendered":"<p>Informationen f\u00fcr Beratungsstellen Mit dem babybedenkzeit\u00ae\u00a0Elternprogramm k\u00f6nnen Jugendliche durch \u201aLearning by Doing\u2018 praktische Lernerfahrungen und Lerninhalte ganzheitlich erleben. Beratungsstellen nutzen den Babysimulator RealCare Baby\u00ae\u00a0sowohl in der Einzelfallhilfe als auch in der Sozialen Gruppenarbeit, um Jugendliche zur Besch\u00e4ftigung mit der eigenen Lebensplanung anzuregen und mit ihnen &#8211; je nach Schwerpunkt der Beratungsarbeit &#8211; zu Themen wie [&hellip;]<\/p>\n","protected":false},"author":1,"featured_media":0,"parent":511,"menu_order":0,"comment_status":"closed","ping_status":"closed","template":"elementor_header_footer","meta":{"footnotes":""},"class_list":["post-522","page","type-page","status-publish","hentry"],"_links":{"self":[{"href":"https:\/\/babybedenkzeit.de\/nl\/wp-json\/wp\/v2\/pages\/522","targetHints":{"allow":["GET"]}}],"collection":[{"href":"https:\/\/babybedenkzeit.de\/nl\/wp-json\/wp\/v2\/pages"}],"about":[{"href":"https:\/\/babybedenkzeit.de\/nl\/wp-json\/wp\/v2\/types\/page"}],"author":[{"embeddable":true,"href":"https:\/\/babybedenkzeit.de\/nl\/wp-json\/wp\/v2\/users\/1"}],"replies":[{"embeddable":true,"href":"https:\/\/babybedenkzeit.de\/nl\/wp-json\/wp\/v2\/comments?post=522"}],"version-history":[{"count":2,"href":"https:\/\/babybedenkzeit.de\/nl\/wp-json\/wp\/v2\/pages\/522\/revisions"}],"predecessor-version":[{"id":1429,"href":"https:\/\/babybedenkzeit.de\/nl\/wp-json\/wp\/v2\/pages\/522\/revisions\/1429"}],"up":[{"embeddable":true,"href":"https:\/\/babybedenkzeit.de\/nl\/wp-json\/wp\/v2\/pages\/511"}],"wp:attachment":[{"href":"https:\/\/babybedenkzeit.de\/nl\/wp-json\/wp\/v2\/media?parent=522"}],"curies":[{"name":"wp","href":"https:\/\/api.w.org\/{rel}","templated":true}]}}