{"id":534,"date":"2019-09-08T12:45:08","date_gmt":"2019-09-08T10:45:08","guid":{"rendered":"https:\/\/www.babybedenkzeit.de\/\/?page_id=534"},"modified":"2025-10-02T16:01:12","modified_gmt":"2025-10-02T14:01:12","slug":"realcare-baby","status":"publish","type":"page","link":"https:\/\/babybedenkzeit.de\/nl\/produktvorstellung\/realcare-baby\/","title":{"rendered":"RealCare Baby \u00ae"},"content":{"rendered":"\t\t<div data-elementor-type=\"wp-post\" data-elementor-id=\"534\" class=\"elementor elementor-534\">\n\t\t\t\t\t\t<section class=\"elementor-section elementor-top-section elementor-element elementor-element-b857c86 elementor-section-boxed elementor-section-height-default elementor-section-height-default\" data-id=\"b857c86\" data-element_type=\"section\" data-e-type=\"section\" data-settings=\"{&quot;jet_parallax_layout_list&quot;:[{&quot;jet_parallax_layout_image&quot;:{&quot;url&quot;:&quot;&quot;,&quot;id&quot;:&quot;&quot;,&quot;size&quot;:&quot;&quot;},&quot;_id&quot;:&quot;80d4ad7&quot;,&quot;jet_parallax_layout_image_tablet&quot;:{&quot;url&quot;:&quot;&quot;,&quot;id&quot;:&quot;&quot;,&quot;size&quot;:&quot;&quot;},&quot;jet_parallax_layout_image_mobile&quot;:{&quot;url&quot;:&quot;&quot;,&quot;id&quot;:&quot;&quot;,&quot;size&quot;:&quot;&quot;},&quot;jet_parallax_layout_speed&quot;:{&quot;unit&quot;:&quot;%&quot;,&quot;size&quot;:50,&quot;sizes&quot;:[]},&quot;jet_parallax_layout_type&quot;:&quot;scroll&quot;,&quot;jet_parallax_layout_direction&quot;:&quot;1&quot;,&quot;jet_parallax_layout_fx_direction&quot;:null,&quot;jet_parallax_layout_z_index&quot;:&quot;&quot;,&quot;jet_parallax_layout_bg_x&quot;:50,&quot;jet_parallax_layout_bg_x_tablet&quot;:&quot;&quot;,&quot;jet_parallax_layout_bg_x_mobile&quot;:&quot;&quot;,&quot;jet_parallax_layout_bg_y&quot;:50,&quot;jet_parallax_layout_bg_y_tablet&quot;:&quot;&quot;,&quot;jet_parallax_layout_bg_y_mobile&quot;:&quot;&quot;,&quot;jet_parallax_layout_bg_size&quot;:&quot;auto&quot;,&quot;jet_parallax_layout_bg_size_tablet&quot;:&quot;&quot;,&quot;jet_parallax_layout_bg_size_mobile&quot;:&quot;&quot;,&quot;jet_parallax_layout_animation_prop&quot;:&quot;transform&quot;,&quot;jet_parallax_layout_on&quot;:[&quot;desktop&quot;,&quot;tablet&quot;]}]}\">\n\t\t\t\t\t\t<div class=\"elementor-container elementor-column-gap-default\">\n\t\t\t\t\t<div class=\"elementor-column elementor-col-100 elementor-top-column elementor-element elementor-element-dc0a21c\" data-id=\"dc0a21c\" data-element_type=\"column\" data-e-type=\"column\">\n\t\t\t<div class=\"elementor-widget-wrap elementor-element-populated\">\n\t\t\t\t\t\t<div class=\"elementor-element elementor-element-d74e351 elementor-widget elementor-widget-text-editor\" data-id=\"d74e351\" data-element_type=\"widget\" data-e-type=\"widget\" data-widget_type=\"text-editor.default\">\n\t\t\t\t<div class=\"elementor-widget-container\">\n\t\t\t\t\t\t\t\t\t<h1>RealCare\u00a0 Baby<sup>\u00ae<\/sup>4<\/h1><p>Der Simulator, das RealCare Baby<sup>\u00ae<\/sup>, ist 53 cm gro\u00df und wiegt ca. 3.500 g. Er simuliert realistisch den Tagesablauf eines echten S\u00e4uglings. Es muss gef\u00fcttert, gewickelt und im Arm gewiegt werden, es m\u00f6chte spielen, aufsto\u00dfen und seine Kleidung muss gewechselt werden. Beim Stillen oder Trinken aus der Flasche macht es Schluckger\u00e4usche und gluckst zufrieden, wenn es gut versorgt wurde. Es reagiert mit Schreien auf grobe Behandlung, falsche Lage, fehlende Kopfunterst\u00fctzung sowie falsche oder fehlende Versorgung. Die Elektronik zeichnet alle Details der Versorgung oder schlechter Behandlung auf. Der Babysimulator wird mit komplettem Zubeh\u00f6r geliefert. Es kann von einem oder zwei Jugendlichen versorgt werden, die sich mittels eines Identifikationschip (ID) am Handgelenk bei dem Baby identifizieren m\u00fcssen. Sie m\u00fcssen sich also immer pers\u00f6nlich um das Baby k\u00fcmmern.<\/p><p>Neue Funktionen des RCB4:<\/p><ul><li>Das Baby lacht, wenn es mit seiner Rassel spielen m\u00f6chte.<\/li><li>Es reagiert mit Brabbeln auf die Stimme des Versorgers.<\/li><li>Laute Ger\u00e4usche werden als Misshandlung registriert.<\/li><li>Es m\u00f6chte tags\u00fcber regelm\u00e4\u00dfig auf dem Bauch liegen.<\/li><li>Die Kommunikation geht \u00fcber Bluetooth (ID &#8211; Baby und Baby-Software). Der X-Stick ist nicht mehr n\u00f6tig.<\/li><li>Auch in der Simulation macht das Baby niedliche Ger\u00e4usche, um die Aufmerksamkeit auf sich zu ziehen.<\/li><li>Mit der neuen Software lassen sich auch gemischte Best\u00e4nde von RCB3 und RCB4 programmieren.<\/li><\/ul><p>Die Reaktionen des Baby&#8217;s sind wirklich ganz bezaubernd und sorgen f\u00fcr eine engere Beziehung des Versorgers zum Baby.<\/p><p>Es gibt den Babysimulator als M\u00e4dchen und Jungen. Um der ethnischen Vielfalt unserer Welt gerecht zu werden, wird es 5 verschiedenen Typen angeboten.\u00a0<\/p>\t\t\t\t\t\t\t\t<\/div>\n\t\t\t\t<\/div>\n\t\t\t\t\t<\/div>\n\t\t<\/div>\n\t\t\t\t\t<\/div>\n\t\t<\/section>\n\t\t\t\t<section class=\"elementor-section elementor-top-section elementor-element elementor-element-4a01651 elementor-section-boxed elementor-section-height-default elementor-section-height-default\" data-id=\"4a01651\" data-element_type=\"section\" data-e-type=\"section\" data-settings=\"{&quot;jet_parallax_layout_list&quot;:[{&quot;jet_parallax_layout_image&quot;:{&quot;url&quot;:&quot;&quot;,&quot;id&quot;:&quot;&quot;,&quot;size&quot;:&quot;&quot;},&quot;_id&quot;:&quot;f7e798a&quot;,&quot;jet_parallax_layout_image_tablet&quot;:{&quot;url&quot;:&quot;&quot;,&quot;id&quot;:&quot;&quot;,&quot;size&quot;:&quot;&quot;},&quot;jet_parallax_layout_image_mobile&quot;:{&quot;url&quot;:&quot;&quot;,&quot;id&quot;:&quot;&quot;,&quot;size&quot;:&quot;&quot;},&quot;jet_parallax_layout_speed&quot;:{&quot;unit&quot;:&quot;%&quot;,&quot;size&quot;:50,&quot;sizes&quot;:[]},&quot;jet_parallax_layout_type&quot;:&quot;scroll&quot;,&quot;jet_parallax_layout_direction&quot;:&quot;1&quot;,&quot;jet_parallax_layout_fx_direction&quot;:null,&quot;jet_parallax_layout_z_index&quot;:&quot;&quot;,&quot;jet_parallax_layout_bg_x&quot;:50,&quot;jet_parallax_layout_bg_x_tablet&quot;:&quot;&quot;,&quot;jet_parallax_layout_bg_x_mobile&quot;:&quot;&quot;,&quot;jet_parallax_layout_bg_y&quot;:50,&quot;jet_parallax_layout_bg_y_tablet&quot;:&quot;&quot;,&quot;jet_parallax_layout_bg_y_mobile&quot;:&quot;&quot;,&quot;jet_parallax_layout_bg_size&quot;:&quot;auto&quot;,&quot;jet_parallax_layout_bg_size_tablet&quot;:&quot;&quot;,&quot;jet_parallax_layout_bg_size_mobile&quot;:&quot;&quot;,&quot;jet_parallax_layout_animation_prop&quot;:&quot;transform&quot;,&quot;jet_parallax_layout_on&quot;:[&quot;desktop&quot;,&quot;tablet&quot;]}]}\">\n\t\t\t\t\t\t<div class=\"elementor-container elementor-column-gap-default\">\n\t\t\t\t\t<div class=\"elementor-column elementor-col-20 elementor-top-column elementor-element elementor-element-2e93df5\" data-id=\"2e93df5\" data-element_type=\"column\" data-e-type=\"column\">\n\t\t\t<div class=\"elementor-widget-wrap elementor-element-populated\">\n\t\t\t\t\t\t<div class=\"elementor-element elementor-element-461b32d elementor-widget elementor-widget-image\" data-id=\"461b32d\" data-element_type=\"widget\" data-e-type=\"widget\" data-widget_type=\"image.default\">\n\t\t\t\t<div class=\"elementor-widget-container\">\n\t\t\t\t\t\t\t\t\t\t\t\t<figure class=\"wp-caption\">\n\t\t\t\t\t\t\t\t\t\t\t<a href=\"https:\/\/www.babybedenkzeit.de\/\/wp-content\/uploads\/2019\/09\/1_Babysimulator_europaeisch_hell.jpg\" data-elementor-open-lightbox=\"yes\" data-elementor-lightbox-title=\"Babysimulator Typ E\" data-elementor-lightbox-description=\"Babysimulator EF\" data-e-action-hash=\"#elementor-action%3Aaction%3Dlightbox%26settings%3DeyJpZCI6NzE5LCJ1cmwiOiJodHRwczpcL1wvd3d3LmJhYnliZWRlbmt6ZWl0LmRlXC93cC1jb250ZW50XC91cGxvYWRzXC8yMDE5XC8wOVwvMV9CYWJ5c2ltdWxhdG9yX2V1cm9wYWVpc2NoX2hlbGwuanBnIn0%3D\">\n\t\t\t\t\t\t\t<img fetchpriority=\"high\" decoding=\"async\" width=\"531\" height=\"800\" src=\"https:\/\/www.babybedenkzeit.de\/wp-content\/uploads\/2019\/09\/1_Babysimulator_europaeisch_hell.jpg\" class=\"attachment-large size-large wp-image-719\" alt=\"Babysimulator Typ E\" srcset=\"https:\/\/www.babybedenkzeit.de\/wp-content\/uploads\/2019\/09\/1_Babysimulator_europaeisch_hell.jpg 531w, https:\/\/www.babybedenkzeit.de\/wp-content\/uploads\/2019\/09\/1_Babysimulator_europaeisch_hell-199x300.jpg 199w\" sizes=\"(max-width: 531px) 100vw, 531px\" \/>\t\t\t\t\t\t\t\t<\/a>\n\t\t\t\t\t\t\t\t\t\t\t<figcaption class=\"widget-image-caption wp-caption-text\">Typ E<\/figcaption>\n\t\t\t\t\t\t\t\t\t\t<\/figure>\n\t\t\t\t\t\t\t\t\t<\/div>\n\t\t\t\t<\/div>\n\t\t\t\t\t<\/div>\n\t\t<\/div>\n\t\t\t\t<div class=\"elementor-column elementor-col-20 elementor-top-column elementor-element elementor-element-23c8a69\" data-id=\"23c8a69\" data-element_type=\"column\" data-e-type=\"column\">\n\t\t\t<div class=\"elementor-widget-wrap elementor-element-populated\">\n\t\t\t\t\t\t<div class=\"elementor-element elementor-element-9622d21 elementor-widget elementor-widget-image\" data-id=\"9622d21\" data-element_type=\"widget\" data-e-type=\"widget\" data-widget_type=\"image.default\">\n\t\t\t\t<div class=\"elementor-widget-container\">\n\t\t\t\t\t\t\t\t\t\t\t\t<figure class=\"wp-caption\">\n\t\t\t\t\t\t\t\t\t\t\t<a href=\"https:\/\/www.babybedenkzeit.de\/\/wp-content\/uploads\/2019\/09\/2_Babysimulator_europaeisch_dunkel.jpg\" data-elementor-open-lightbox=\"yes\" data-elementor-lightbox-title=\"Babysimulator Typ G\" data-elementor-lightbox-description=\"Babysimulator GF\" data-e-action-hash=\"#elementor-action%3Aaction%3Dlightbox%26settings%3DeyJpZCI6NzIwLCJ1cmwiOiJodHRwczpcL1wvd3d3LmJhYnliZWRlbmt6ZWl0LmRlXC93cC1jb250ZW50XC91cGxvYWRzXC8yMDE5XC8wOVwvMl9CYWJ5c2ltdWxhdG9yX2V1cm9wYWVpc2NoX2R1bmtlbC5qcGcifQ%3D%3D\">\n\t\t\t\t\t\t\t<img decoding=\"async\" width=\"531\" height=\"800\" src=\"https:\/\/www.babybedenkzeit.de\/wp-content\/uploads\/2019\/09\/2_Babysimulator_europaeisch_dunkel.jpg\" class=\"attachment-large size-large wp-image-720\" alt=\"Babysimulator Typ G\" srcset=\"https:\/\/www.babybedenkzeit.de\/wp-content\/uploads\/2019\/09\/2_Babysimulator_europaeisch_dunkel.jpg 531w, https:\/\/www.babybedenkzeit.de\/wp-content\/uploads\/2019\/09\/2_Babysimulator_europaeisch_dunkel-199x300.jpg 199w\" sizes=\"(max-width: 531px) 100vw, 531px\" \/>\t\t\t\t\t\t\t\t<\/a>\n\t\t\t\t\t\t\t\t\t\t\t<figcaption class=\"widget-image-caption wp-caption-text\">Typ G<\/figcaption>\n\t\t\t\t\t\t\t\t\t\t<\/figure>\n\t\t\t\t\t\t\t\t\t<\/div>\n\t\t\t\t<\/div>\n\t\t\t\t\t<\/div>\n\t\t<\/div>\n\t\t\t\t<div class=\"elementor-column elementor-col-20 elementor-top-column elementor-element elementor-element-1a21522\" data-id=\"1a21522\" data-element_type=\"column\" data-e-type=\"column\">\n\t\t\t<div class=\"elementor-widget-wrap elementor-element-populated\">\n\t\t\t\t\t\t<div class=\"elementor-element elementor-element-04a7457 elementor-widget elementor-widget-image\" data-id=\"04a7457\" data-element_type=\"widget\" data-e-type=\"widget\" data-widget_type=\"image.default\">\n\t\t\t\t<div class=\"elementor-widget-container\">\n\t\t\t\t\t\t\t\t\t\t\t\t<figure class=\"wp-caption\">\n\t\t\t\t\t\t\t\t\t\t\t<a href=\"https:\/\/www.babybedenkzeit.de\/\/wp-content\/uploads\/2019\/09\/3_Babysimulator_japanisch.jpg\" data-elementor-open-lightbox=\"yes\" data-elementor-lightbox-title=\"Babysimulator Typ A\" data-elementor-lightbox-description=\"Babysimulator AF\" data-e-action-hash=\"#elementor-action%3Aaction%3Dlightbox%26settings%3DeyJpZCI6NzIxLCJ1cmwiOiJodHRwczpcL1wvd3d3LmJhYnliZWRlbmt6ZWl0LmRlXC93cC1jb250ZW50XC91cGxvYWRzXC8yMDE5XC8wOVwvM19CYWJ5c2ltdWxhdG9yX2phcGFuaXNjaC5qcGcifQ%3D%3D\">\n\t\t\t\t\t\t\t<img decoding=\"async\" width=\"531\" height=\"800\" src=\"https:\/\/www.babybedenkzeit.de\/wp-content\/uploads\/2019\/09\/3_Babysimulator_japanisch.jpg\" class=\"attachment-large size-large wp-image-721\" alt=\"Babysimulator Typ A\" srcset=\"https:\/\/www.babybedenkzeit.de\/wp-content\/uploads\/2019\/09\/3_Babysimulator_japanisch.jpg 531w, https:\/\/www.babybedenkzeit.de\/wp-content\/uploads\/2019\/09\/3_Babysimulator_japanisch-199x300.jpg 199w\" sizes=\"(max-width: 531px) 100vw, 531px\" \/>\t\t\t\t\t\t\t\t<\/a>\n\t\t\t\t\t\t\t\t\t\t\t<figcaption class=\"widget-image-caption wp-caption-text\">Typ A<\/figcaption>\n\t\t\t\t\t\t\t\t\t\t<\/figure>\n\t\t\t\t\t\t\t\t\t<\/div>\n\t\t\t\t<\/div>\n\t\t\t\t\t<\/div>\n\t\t<\/div>\n\t\t\t\t<div class=\"elementor-column elementor-col-20 elementor-top-column elementor-element elementor-element-2eb4542\" data-id=\"2eb4542\" data-element_type=\"column\" data-e-type=\"column\">\n\t\t\t<div class=\"elementor-widget-wrap elementor-element-populated\">\n\t\t\t\t\t\t<div class=\"elementor-element elementor-element-3e76fec elementor-widget elementor-widget-image\" data-id=\"3e76fec\" data-element_type=\"widget\" data-e-type=\"widget\" data-widget_type=\"image.default\">\n\t\t\t\t<div class=\"elementor-widget-container\">\n\t\t\t\t\t\t\t\t\t\t\t\t<figure class=\"wp-caption\">\n\t\t\t\t\t\t\t\t\t\t\t<a href=\"https:\/\/www.babybedenkzeit.de\/\/wp-content\/uploads\/2019\/09\/4_Babysimulator_afrikanisch.jpg\" data-elementor-open-lightbox=\"yes\" data-elementor-lightbox-title=\"Babysimulator Typ B\" data-elementor-lightbox-description=\"Babysimulator BM\" data-e-action-hash=\"#elementor-action%3Aaction%3Dlightbox%26settings%3DeyJpZCI6NzIyLCJ1cmwiOiJodHRwczpcL1wvd3d3LmJhYnliZWRlbmt6ZWl0LmRlXC93cC1jb250ZW50XC91cGxvYWRzXC8yMDE5XC8wOVwvNF9CYWJ5c2ltdWxhdG9yX2FmcmlrYW5pc2NoLmpwZyJ9\">\n\t\t\t\t\t\t\t<img loading=\"lazy\" decoding=\"async\" width=\"531\" height=\"800\" src=\"https:\/\/www.babybedenkzeit.de\/wp-content\/uploads\/2019\/09\/4_Babysimulator_afrikanisch.jpg\" class=\"attachment-large size-large wp-image-722\" alt=\"Babysimulator Typ B\" srcset=\"https:\/\/www.babybedenkzeit.de\/wp-content\/uploads\/2019\/09\/4_Babysimulator_afrikanisch.jpg 531w, https:\/\/www.babybedenkzeit.de\/wp-content\/uploads\/2019\/09\/4_Babysimulator_afrikanisch-199x300.jpg 199w\" sizes=\"(max-width: 531px) 100vw, 531px\" \/>\t\t\t\t\t\t\t\t<\/a>\n\t\t\t\t\t\t\t\t\t\t\t<figcaption class=\"widget-image-caption wp-caption-text\">Typ B<\/figcaption>\n\t\t\t\t\t\t\t\t\t\t<\/figure>\n\t\t\t\t\t\t\t\t\t<\/div>\n\t\t\t\t<\/div>\n\t\t\t\t\t<\/div>\n\t\t<\/div>\n\t\t\t\t<div class=\"elementor-column elementor-col-20 elementor-top-column elementor-element elementor-element-eda9d7b\" data-id=\"eda9d7b\" data-element_type=\"column\" data-e-type=\"column\">\n\t\t\t<div class=\"elementor-widget-wrap elementor-element-populated\">\n\t\t\t\t\t\t<div class=\"elementor-element elementor-element-cd0a6de elementor-widget elementor-widget-image\" data-id=\"cd0a6de\" data-element_type=\"widget\" data-e-type=\"widget\" data-widget_type=\"image.default\">\n\t\t\t\t<div class=\"elementor-widget-container\">\n\t\t\t\t\t\t\t\t\t\t\t\t<figure class=\"wp-caption\">\n\t\t\t\t\t\t\t\t\t\t\t<a href=\"https:\/\/www.babybedenkzeit.de\/\/wp-content\/uploads\/2019\/09\/5_Babysimulator_amerikanisch-indianisch.jpg\" data-elementor-open-lightbox=\"yes\" data-elementor-lightbox-title=\"Babysimulator Typ F\" data-elementor-lightbox-description=\"Babysimulator FM\" data-e-action-hash=\"#elementor-action%3Aaction%3Dlightbox%26settings%3DeyJpZCI6NzIzLCJ1cmwiOiJodHRwczpcL1wvd3d3LmJhYnliZWRlbmt6ZWl0LmRlXC93cC1jb250ZW50XC91cGxvYWRzXC8yMDE5XC8wOVwvNV9CYWJ5c2ltdWxhdG9yX2FtZXJpa2FuaXNjaC1pbmRpYW5pc2NoLmpwZyJ9\">\n\t\t\t\t\t\t\t<img loading=\"lazy\" decoding=\"async\" width=\"525\" height=\"800\" src=\"https:\/\/www.babybedenkzeit.de\/wp-content\/uploads\/2019\/09\/5_Babysimulator_amerikanisch-indianisch.jpg\" class=\"attachment-large size-large wp-image-723\" alt=\"Typ F\" srcset=\"https:\/\/www.babybedenkzeit.de\/wp-content\/uploads\/2019\/09\/5_Babysimulator_amerikanisch-indianisch.jpg 525w, https:\/\/www.babybedenkzeit.de\/wp-content\/uploads\/2019\/09\/5_Babysimulator_amerikanisch-indianisch-197x300.jpg 197w\" sizes=\"(max-width: 525px) 100vw, 525px\" \/>\t\t\t\t\t\t\t\t<\/a>\n\t\t\t\t\t\t\t\t\t\t\t<figcaption class=\"widget-image-caption wp-caption-text\">Typ F<\/figcaption>\n\t\t\t\t\t\t\t\t\t\t<\/figure>\n\t\t\t\t\t\t\t\t\t<\/div>\n\t\t\t\t<\/div>\n\t\t\t\t\t<\/div>\n\t\t<\/div>\n\t\t\t\t\t<\/div>\n\t\t<\/section>\n\t\t\t\t<section class=\"elementor-section elementor-top-section elementor-element elementor-element-0334319 elementor-section-boxed elementor-section-height-default elementor-section-height-default\" data-id=\"0334319\" data-element_type=\"section\" data-e-type=\"section\" data-settings=\"{&quot;jet_parallax_layout_list&quot;:[{&quot;jet_parallax_layout_image&quot;:{&quot;url&quot;:&quot;&quot;,&quot;id&quot;:&quot;&quot;,&quot;size&quot;:&quot;&quot;},&quot;_id&quot;:&quot;843c8e7&quot;,&quot;jet_parallax_layout_image_tablet&quot;:{&quot;url&quot;:&quot;&quot;,&quot;id&quot;:&quot;&quot;,&quot;size&quot;:&quot;&quot;},&quot;jet_parallax_layout_image_mobile&quot;:{&quot;url&quot;:&quot;&quot;,&quot;id&quot;:&quot;&quot;,&quot;size&quot;:&quot;&quot;},&quot;jet_parallax_layout_speed&quot;:{&quot;unit&quot;:&quot;%&quot;,&quot;size&quot;:50,&quot;sizes&quot;:[]},&quot;jet_parallax_layout_type&quot;:&quot;scroll&quot;,&quot;jet_parallax_layout_direction&quot;:&quot;1&quot;,&quot;jet_parallax_layout_fx_direction&quot;:null,&quot;jet_parallax_layout_z_index&quot;:&quot;&quot;,&quot;jet_parallax_layout_bg_x&quot;:50,&quot;jet_parallax_layout_bg_x_tablet&quot;:&quot;&quot;,&quot;jet_parallax_layout_bg_x_mobile&quot;:&quot;&quot;,&quot;jet_parallax_layout_bg_y&quot;:50,&quot;jet_parallax_layout_bg_y_tablet&quot;:&quot;&quot;,&quot;jet_parallax_layout_bg_y_mobile&quot;:&quot;&quot;,&quot;jet_parallax_layout_bg_size&quot;:&quot;auto&quot;,&quot;jet_parallax_layout_bg_size_tablet&quot;:&quot;&quot;,&quot;jet_parallax_layout_bg_size_mobile&quot;:&quot;&quot;,&quot;jet_parallax_layout_animation_prop&quot;:&quot;transform&quot;,&quot;jet_parallax_layout_on&quot;:[&quot;desktop&quot;,&quot;tablet&quot;]}]}\">\n\t\t\t\t\t\t<div class=\"elementor-container elementor-column-gap-default\">\n\t\t\t\t\t<div class=\"elementor-column elementor-col-100 elementor-top-column elementor-element elementor-element-379aad6\" data-id=\"379aad6\" data-element_type=\"column\" data-e-type=\"column\">\n\t\t\t<div class=\"elementor-widget-wrap elementor-element-populated\">\n\t\t\t\t\t\t<div class=\"elementor-element elementor-element-a73f922 elementor-widget elementor-widget-text-editor\" data-id=\"a73f922\" data-element_type=\"widget\" data-e-type=\"widget\" data-widget_type=\"text-editor.default\">\n\t\t\t\t<div class=\"elementor-widget-container\">\n\t\t\t\t\t\t\t\t\t<h4><span style=\"color: #000000;\"><strong>Weiterf\u00fchrende Informationen<\/strong><\/span><\/h4>\t\t\t\t\t\t\t\t<\/div>\n\t\t\t\t<\/div>\n\t\t\t\t\t<\/div>\n\t\t<\/div>\n\t\t\t\t\t<\/div>\n\t\t<\/section>\n\t\t\t\t<section class=\"elementor-section elementor-top-section elementor-element elementor-element-6e4af9d downloadbutton-container elementor-section-boxed elementor-section-height-default elementor-section-height-default\" data-id=\"6e4af9d\" data-element_type=\"section\" data-e-type=\"section\" data-settings=\"{&quot;jet_parallax_layout_list&quot;:[{&quot;jet_parallax_layout_image&quot;:{&quot;url&quot;:&quot;&quot;,&quot;id&quot;:&quot;&quot;,&quot;size&quot;:&quot;&quot;},&quot;_id&quot;:&quot;162226d&quot;,&quot;jet_parallax_layout_image_tablet&quot;:{&quot;url&quot;:&quot;&quot;,&quot;id&quot;:&quot;&quot;,&quot;size&quot;:&quot;&quot;},&quot;jet_parallax_layout_image_mobile&quot;:{&quot;url&quot;:&quot;&quot;,&quot;id&quot;:&quot;&quot;,&quot;size&quot;:&quot;&quot;},&quot;jet_parallax_layout_speed&quot;:{&quot;unit&quot;:&quot;%&quot;,&quot;size&quot;:50,&quot;sizes&quot;:[]},&quot;jet_parallax_layout_type&quot;:&quot;scroll&quot;,&quot;jet_parallax_layout_direction&quot;:&quot;1&quot;,&quot;jet_parallax_layout_fx_direction&quot;:null,&quot;jet_parallax_layout_z_index&quot;:&quot;&quot;,&quot;jet_parallax_layout_bg_x&quot;:50,&quot;jet_parallax_layout_bg_x_tablet&quot;:&quot;&quot;,&quot;jet_parallax_layout_bg_x_mobile&quot;:&quot;&quot;,&quot;jet_parallax_layout_bg_y&quot;:50,&quot;jet_parallax_layout_bg_y_tablet&quot;:&quot;&quot;,&quot;jet_parallax_layout_bg_y_mobile&quot;:&quot;&quot;,&quot;jet_parallax_layout_bg_size&quot;:&quot;auto&quot;,&quot;jet_parallax_layout_bg_size_tablet&quot;:&quot;&quot;,&quot;jet_parallax_layout_bg_size_mobile&quot;:&quot;&quot;,&quot;jet_parallax_layout_animation_prop&quot;:&quot;transform&quot;,&quot;jet_parallax_layout_on&quot;:[&quot;desktop&quot;,&quot;tablet&quot;]}]}\">\n\t\t\t\t\t\t<div class=\"elementor-container elementor-column-gap-default\">\n\t\t\t\t\t<div class=\"elementor-column elementor-col-100 elementor-top-column elementor-element elementor-element-4175669\" data-id=\"4175669\" data-element_type=\"column\" data-e-type=\"column\">\n\t\t\t<div class=\"elementor-widget-wrap elementor-element-populated\">\n\t\t\t\t\t\t<div class=\"elementor-element elementor-element-34f0143 elementor-align-left downloadbutton elementor-widget elementor-widget-button\" data-id=\"34f0143\" data-element_type=\"widget\" data-e-type=\"widget\" data-widget_type=\"button.default\">\n\t\t\t\t<div class=\"elementor-widget-container\">\n\t\t\t\t\t\t\t\t\t<div class=\"elementor-button-wrapper\">\n\t\t\t\t\t<a class=\"elementor-button elementor-button-link elementor-size-md\" href=\"https:\/\/www.babybedenkzeit.de\/\/produkt\/realcare-baby\/\" target=\"_blank\">\n\t\t\t\t\t\t<span class=\"elementor-button-content-wrapper\">\n\t\t\t\t\t\t<span class=\"elementor-button-icon\">\n\t\t\t\t<i aria-hidden=\"true\" class=\"nc-icon-outline ui-2_link-72\"><\/i>\t\t\t<\/span>\n\t\t\t\t\t\t\t\t\t<span class=\"elementor-button-text\">Artikel im Webshop<\/span>\n\t\t\t\t\t<\/span>\n\t\t\t\t\t<\/a>\n\t\t\t\t<\/div>\n\t\t\t\t\t\t\t\t<\/div>\n\t\t\t\t<\/div>\n\t\t\t\t<div class=\"elementor-element elementor-element-87ca17e elementor-align-left downloadbutton elementor-widget elementor-widget-button\" data-id=\"87ca17e\" data-element_type=\"widget\" data-e-type=\"widget\" data-widget_type=\"button.default\">\n\t\t\t\t<div class=\"elementor-widget-container\">\n\t\t\t\t\t\t\t\t\t<div class=\"elementor-button-wrapper\">\n\t\t\t\t\t<a class=\"elementor-button elementor-button-link elementor-size-md\" href=\"https:\/\/www.babybedenkzeit.de\/wp-content\/uploads\/2021\/03\/Produkt-Prospekt_A4-hoch-RZ-online.pdf\" target=\"_blank\">\n\t\t\t\t\t\t<span class=\"elementor-button-content-wrapper\">\n\t\t\t\t\t\t<span class=\"elementor-button-icon\">\n\t\t\t\t<i aria-hidden=\"true\" class=\"nc-icon-outline arrows-2_skew-down\"><\/i>\t\t\t<\/span>\n\t\t\t\t\t\t\t\t\t<span class=\"elementor-button-text\">Produktbrosch\u00fcre (DE)<\/span>\n\t\t\t\t\t<\/span>\n\t\t\t\t\t<\/a>\n\t\t\t\t<\/div>\n\t\t\t\t\t\t\t\t<\/div>\n\t\t\t\t<\/div>\n\t\t\t\t\t<\/div>\n\t\t<\/div>\n\t\t\t\t\t<\/div>\n\t\t<\/section>\n\t\t\t\t<\/div>\n\t\t","protected":false},"excerpt":{"rendered":"<p>RealCare\u00a0 Baby\u00ae4 Der Simulator, das RealCare Baby\u00ae, ist 53 cm gro\u00df und wiegt ca. 3.500 g. Er simuliert realistisch den Tagesablauf eines echten S\u00e4uglings. Es muss gef\u00fcttert, gewickelt und im Arm gewiegt werden, es m\u00f6chte spielen, aufsto\u00dfen und seine Kleidung muss gewechselt werden. Beim Stillen oder Trinken aus der Flasche macht es Schluckger\u00e4usche und gluckst [&hellip;]<\/p>\n","protected":false},"author":1,"featured_media":0,"parent":532,"menu_order":0,"comment_status":"closed","ping_status":"closed","template":"elementor_header_footer","meta":{"footnotes":""},"class_list":["post-534","page","type-page","status-publish","hentry"],"_links":{"self":[{"href":"https:\/\/babybedenkzeit.de\/nl\/wp-json\/wp\/v2\/pages\/534","targetHints":{"allow":["GET"]}}],"collection":[{"href":"https:\/\/babybedenkzeit.de\/nl\/wp-json\/wp\/v2\/pages"}],"about":[{"href":"https:\/\/babybedenkzeit.de\/nl\/wp-json\/wp\/v2\/types\/page"}],"author":[{"embeddable":true,"href":"https:\/\/babybedenkzeit.de\/nl\/wp-json\/wp\/v2\/users\/1"}],"replies":[{"embeddable":true,"href":"https:\/\/babybedenkzeit.de\/nl\/wp-json\/wp\/v2\/comments?post=534"}],"version-history":[{"count":47,"href":"https:\/\/babybedenkzeit.de\/nl\/wp-json\/wp\/v2\/pages\/534\/revisions"}],"predecessor-version":[{"id":3102,"href":"https:\/\/babybedenkzeit.de\/nl\/wp-json\/wp\/v2\/pages\/534\/revisions\/3102"}],"up":[{"embeddable":true,"href":"https:\/\/babybedenkzeit.de\/nl\/wp-json\/wp\/v2\/pages\/532"}],"wp:attachment":[{"href":"https:\/\/babybedenkzeit.de\/nl\/wp-json\/wp\/v2\/media?parent=534"}],"curies":[{"name":"wp","href":"https:\/\/api.w.org\/{rel}","templated":true}]}}