{"id":925,"date":"2019-09-29T10:10:53","date_gmt":"2019-09-29T08:10:53","guid":{"rendered":"https:\/\/www.babybedenkzeit.de\/\/?page_id=925"},"modified":"2023-09-25T15:03:53","modified_gmt":"2023-09-25T13:03:53","slug":"newsletter","status":"publish","type":"page","link":"https:\/\/babybedenkzeit.de\/nl\/newsletter\/","title":{"rendered":"Newsletter"},"content":{"rendered":"\t\t<div data-elementor-type=\"wp-post\" data-elementor-id=\"925\" class=\"elementor elementor-925\">\n\t\t\t\t\t\t<section class=\"elementor-section elementor-top-section elementor-element elementor-element-dda73b3 elementor-section-boxed elementor-section-height-default elementor-section-height-default\" data-id=\"dda73b3\" data-element_type=\"section\" data-e-type=\"section\" data-settings=\"{&quot;jet_parallax_layout_list&quot;:[{&quot;jet_parallax_layout_image&quot;:{&quot;url&quot;:&quot;&quot;,&quot;id&quot;:&quot;&quot;,&quot;size&quot;:&quot;&quot;},&quot;_id&quot;:&quot;4281737&quot;,&quot;jet_parallax_layout_image_tablet&quot;:{&quot;url&quot;:&quot;&quot;,&quot;id&quot;:&quot;&quot;,&quot;size&quot;:&quot;&quot;},&quot;jet_parallax_layout_image_mobile&quot;:{&quot;url&quot;:&quot;&quot;,&quot;id&quot;:&quot;&quot;,&quot;size&quot;:&quot;&quot;},&quot;jet_parallax_layout_speed&quot;:{&quot;unit&quot;:&quot;%&quot;,&quot;size&quot;:50,&quot;sizes&quot;:[]},&quot;jet_parallax_layout_type&quot;:&quot;scroll&quot;,&quot;jet_parallax_layout_direction&quot;:&quot;1&quot;,&quot;jet_parallax_layout_fx_direction&quot;:null,&quot;jet_parallax_layout_z_index&quot;:&quot;&quot;,&quot;jet_parallax_layout_bg_x&quot;:50,&quot;jet_parallax_layout_bg_x_tablet&quot;:&quot;&quot;,&quot;jet_parallax_layout_bg_x_mobile&quot;:&quot;&quot;,&quot;jet_parallax_layout_bg_y&quot;:50,&quot;jet_parallax_layout_bg_y_tablet&quot;:&quot;&quot;,&quot;jet_parallax_layout_bg_y_mobile&quot;:&quot;&quot;,&quot;jet_parallax_layout_bg_size&quot;:&quot;auto&quot;,&quot;jet_parallax_layout_bg_size_tablet&quot;:&quot;&quot;,&quot;jet_parallax_layout_bg_size_mobile&quot;:&quot;&quot;,&quot;jet_parallax_layout_animation_prop&quot;:&quot;transform&quot;,&quot;jet_parallax_layout_on&quot;:[&quot;desktop&quot;,&quot;tablet&quot;]}]}\">\n\t\t\t\t\t\t<div class=\"elementor-container elementor-column-gap-default\">\n\t\t\t\t\t<div class=\"elementor-column elementor-col-100 elementor-top-column elementor-element elementor-element-e78c8cf\" data-id=\"e78c8cf\" data-element_type=\"column\" data-e-type=\"column\">\n\t\t\t<div class=\"elementor-widget-wrap elementor-element-populated\">\n\t\t\t\t\t\t<div class=\"elementor-element elementor-element-085e895 elementor-widget elementor-widget-text-editor\" data-id=\"085e895\" data-element_type=\"widget\" data-e-type=\"widget\" data-widget_type=\"text-editor.default\">\n\t\t\t\t<div class=\"elementor-widget-container\">\n\t\t\t\t\t\t\t\t\t<h1>Newsletter<\/h1><p>Unser Newsletter im PDF-Format erscheint 2x im Jahr und bietet Ihnen Informationen, aktuelle Angebote, Tipps f\u00fcr die Anwendung unserer Produkte und hilfreiche Hinweise f\u00fcr die p\u00e4dagogische Arbeit.<\/p><p>Wenn Sie sich vom Newsletter abmelden m\u00f6chten, schicken Sie uns einfach <a href=\"https:\/\/www.babybedenkzeit.de\/\/contacts\/\" data-wplink-url-error=\"true\">eine E-Mail<\/a>.<\/p>\t\t\t\t\t\t\t\t<\/div>\n\t\t\t\t<\/div>\n\t\t\t\t\t<\/div>\n\t\t<\/div>\n\t\t\t\t\t<\/div>\n\t\t<\/section>\n\t\t\t\t<section class=\"elementor-section elementor-top-section elementor-element elementor-element-7435506 elementor-section-boxed elementor-section-height-default elementor-section-height-default\" data-id=\"7435506\" data-element_type=\"section\" data-e-type=\"section\" data-settings=\"{&quot;jet_parallax_layout_list&quot;:[{&quot;jet_parallax_layout_image&quot;:{&quot;url&quot;:&quot;&quot;,&quot;id&quot;:&quot;&quot;,&quot;size&quot;:&quot;&quot;},&quot;_id&quot;:&quot;b1bac3e&quot;,&quot;jet_parallax_layout_image_tablet&quot;:{&quot;url&quot;:&quot;&quot;,&quot;id&quot;:&quot;&quot;,&quot;size&quot;:&quot;&quot;},&quot;jet_parallax_layout_image_mobile&quot;:{&quot;url&quot;:&quot;&quot;,&quot;id&quot;:&quot;&quot;,&quot;size&quot;:&quot;&quot;},&quot;jet_parallax_layout_speed&quot;:{&quot;unit&quot;:&quot;%&quot;,&quot;size&quot;:50,&quot;sizes&quot;:[]},&quot;jet_parallax_layout_type&quot;:&quot;scroll&quot;,&quot;jet_parallax_layout_direction&quot;:&quot;1&quot;,&quot;jet_parallax_layout_fx_direction&quot;:null,&quot;jet_parallax_layout_z_index&quot;:&quot;&quot;,&quot;jet_parallax_layout_bg_x&quot;:50,&quot;jet_parallax_layout_bg_x_tablet&quot;:&quot;&quot;,&quot;jet_parallax_layout_bg_x_mobile&quot;:&quot;&quot;,&quot;jet_parallax_layout_bg_y&quot;:50,&quot;jet_parallax_layout_bg_y_tablet&quot;:&quot;&quot;,&quot;jet_parallax_layout_bg_y_mobile&quot;:&quot;&quot;,&quot;jet_parallax_layout_bg_size&quot;:&quot;auto&quot;,&quot;jet_parallax_layout_bg_size_tablet&quot;:&quot;&quot;,&quot;jet_parallax_layout_bg_size_mobile&quot;:&quot;&quot;,&quot;jet_parallax_layout_animation_prop&quot;:&quot;transform&quot;,&quot;jet_parallax_layout_on&quot;:[&quot;desktop&quot;,&quot;tablet&quot;]}]}\">\n\t\t\t\t\t\t<div class=\"elementor-container elementor-column-gap-default\">\n\t\t\t\t\t<div class=\"elementor-column elementor-col-50 elementor-top-column elementor-element elementor-element-7462884\" data-id=\"7462884\" data-element_type=\"column\" data-e-type=\"column\">\n\t\t\t<div class=\"elementor-widget-wrap elementor-element-populated\">\n\t\t\t\t\t\t<div class=\"elementor-element elementor-element-06221cd elementor-widget elementor-widget-text-editor\" data-id=\"06221cd\" data-element_type=\"widget\" data-e-type=\"widget\" data-widget_type=\"text-editor.default\">\n\t\t\t\t<div class=\"elementor-widget-container\">\n\t\t\t\t\t\t\t\t\t<h4>Registrierungsformular<\/h4><p>Melden Sie sich hier kostenlos f\u00fcr den babybedenkzeit\u00ae Newsletter an.<\/p>\t\t\t\t\t\t\t\t<\/div>\n\t\t\t\t<\/div>\n\t\t\t\t<div class=\"elementor-element elementor-element-8751ba8 elementor-widget elementor-widget-contact-form-7\" data-id=\"8751ba8\" data-element_type=\"widget\" data-e-type=\"widget\" data-widget_type=\"contact-form-7.default\">\n\t\t\t\t<div class=\"elementor-widget-container\">\n\t\t\t\t\t<div class=\"elementor-contact-form-7 jet-elements\">\n<div class=\"wpcf7 no-js\" id=\"wpcf7-f934-o1\" lang=\"de-DE\" dir=\"ltr\" data-wpcf7-id=\"934\">\n<div class=\"screen-reader-response\"><p role=\"status\" aria-live=\"polite\" aria-atomic=\"true\"><\/p> <ul><\/ul><\/div>\n<form action=\"\/nl\/wp-json\/wp\/v2\/pages\/925#wpcf7-f934-o1\" method=\"post\" class=\"wpcf7-form init\" aria-label=\"Kontaktformular\" novalidate=\"novalidate\" data-status=\"init\">\n<fieldset class=\"hidden-fields-container\"><input type=\"hidden\" name=\"_wpcf7\" value=\"934\" \/><input type=\"hidden\" name=\"_wpcf7_version\" value=\"6.1.5\" \/><input type=\"hidden\" name=\"_wpcf7_locale\" value=\"de_DE\" \/><input type=\"hidden\" name=\"_wpcf7_unit_tag\" value=\"wpcf7-f934-o1\" \/><input type=\"hidden\" name=\"_wpcf7_container_post\" value=\"0\" \/><input type=\"hidden\" name=\"_wpcf7_posted_data_hash\" value=\"\" \/><input type=\"hidden\" name=\"_wpcf7dtx_version\" value=\"5.0.5\" \/>\n<\/fieldset>\n<p><span class=\"wpcf7-form-control-wrap\" data-name=\"your-einrichtung\"><input size=\"40\" maxlength=\"400\" class=\"wpcf7-form-control wpcf7-text wpcf7-validates-as-required\" aria-required=\"true\" aria-invalid=\"false\" placeholder=\"Einrichtung\/Schule\" value=\"\" type=\"text\" name=\"your-einrichtung\" \/><\/span>\n<\/p>\n<p><span class=\"wpcf7-form-control-wrap\" data-name=\"your-name\"><input size=\"40\" maxlength=\"400\" class=\"wpcf7-form-control wpcf7-text wpcf7-validates-as-required\" aria-required=\"true\" aria-invalid=\"false\" placeholder=\"Name \/ Vorname\" value=\"\" type=\"text\" name=\"your-name\" \/><\/span>\n<\/p>\n<p><span class=\"wpcf7-form-control-wrap\" data-name=\"your-email\"><input size=\"40\" maxlength=\"400\" class=\"wpcf7-form-control wpcf7-email wpcf7-validates-as-required wpcf7-text wpcf7-validates-as-email\" aria-required=\"true\" aria-invalid=\"false\" placeholder=\"E-Mail-Adresse\" value=\"\" type=\"email\" name=\"your-email\" \/><\/span><br \/>\n<span id=\"wpcf7-69e8899fb8f68-wrapper\" class=\"wpcf7-form-control-wrap street-wrap\" style=\"display:none !important; visibility:hidden !important;\"><input id=\"street\"  class=\"wpcf7-form-control wpcf7-text\" type=\"text\" name=\"street\" value=\"\" size=\"40\" tabindex=\"-1\" autocomplete=\"off\" \/><\/span><span id=\"wpcf7-69e8899fb9036-wrapper\" class=\"wpcf7-form-control-wrap number-wrap\" style=\"display:none !important; visibility:hidden !important;\"><input id=\"number\"  class=\"wpcf7-form-control wpcf7-text\" type=\"text\" name=\"number\" value=\"\" size=\"40\" tabindex=\"-1\" autocomplete=\"off\" \/><\/span><br \/>\n<span class=\"wpcf7-form-control-wrap\" data-name=\"dsgvo\"><span class=\"wpcf7-form-control wpcf7-acceptance\"><span class=\"wpcf7-list-item\"><label><input type=\"checkbox\" name=\"dsgvo\" value=\"1\" aria-invalid=\"false\" \/><span class=\"wpcf7-list-item-label\">Sind Sie damit einverstanden, dass Ihre Daten zur Bearbeitung Ihres Anliegens verwendet werden? Weitere Informationen hierzu und auf Widerrufshinweise finden Sie in unserer <a href=\"https:\/\/www.babybedenkzeit.de\/\/privacy-policy\/\" target=\"_blank\">Datenschutzerkl\u00e4rung<\/a>.<\/span><\/label><\/span><\/span><\/span>\n<\/p>\n<p><input class=\"wpcf7-form-control wpcf7-submit has-spinner\" type=\"submit\" value=\"Anmelden\" \/>\n<\/p><div class=\"wpcf7-response-output\" aria-hidden=\"true\"><\/div>\n<\/form>\n<\/div>\n<\/div>\t\t\t\t<\/div>\n\t\t\t\t<\/div>\n\t\t\t\t\t<\/div>\n\t\t<\/div>\n\t\t\t\t<div class=\"elementor-column elementor-col-50 elementor-top-column elementor-element elementor-element-3259284\" data-id=\"3259284\" data-element_type=\"column\" data-e-type=\"column\">\n\t\t\t<div class=\"elementor-widget-wrap elementor-element-populated\">\n\t\t\t\t\t\t<div class=\"elementor-element elementor-element-ca49f10 elementor-widget elementor-widget-text-editor\" data-id=\"ca49f10\" data-element_type=\"widget\" data-e-type=\"widget\" data-widget_type=\"text-editor.default\">\n\t\t\t\t<div class=\"elementor-widget-container\">\n\t\t\t\t\t\t\t\t\t<h4>Vergangene Newsletter<\/h4><p>Haben Sie einen Newsletter verpasst? Hier k\u00f6nnen Sie sich die vergangenen Ausgaben noch einmal im PDF-Format herunterladen.<\/p><p><a href=\"https:\/\/www.babybedenkzeit.de\/wp-content\/uploads\/2023\/09\/Newsletter-1-2023.pdf\">September 2023<\/a><br \/><a href=\"https:\/\/www.babybedenkzeit.de\/wp-content\/uploads\/2022\/04\/Newsletter-1-2022.pdf\">April 2022<\/a><br \/><a href=\"https:\/\/www.babybedenkzeit.de\/\/wp-content\/uploads\/2020\/06\/Newsletter-1-2020.pdf\">April 2020<\/a><br \/><a href=\"https:\/\/www.babybedenkzeit.de\/\/wp-content\/uploads\/2020\/06\/Newsletter-1-2019.pdf\">April 2019<\/a><br \/><a href=\"https:\/\/www.babybedenkzeit.de\/\/wp-content\/uploads\/2019\/09\/Newsletter_2018-2.pdf\" target=\"_blank\" rel=\"noopener\">Dezember 2018<\/a><br \/><a href=\"https:\/\/www.babybedenkzeit.de\/\/wp-content\/uploads\/2019\/09\/Newsletter_2018-1.pdf\" target=\"_blank\" rel=\"noopener\">M\u00e4rz 2018<\/a><\/p>\t\t\t\t\t\t\t\t<\/div>\n\t\t\t\t<\/div>\n\t\t\t\t\t<\/div>\n\t\t<\/div>\n\t\t\t\t\t<\/div>\n\t\t<\/section>\n\t\t\t\t<\/div>\n\t\t","protected":false},"excerpt":{"rendered":"<p>Newsletter Unser Newsletter im PDF-Format erscheint 2x im Jahr und bietet Ihnen Informationen, aktuelle Angebote, Tipps f\u00fcr die Anwendung unserer Produkte und hilfreiche Hinweise f\u00fcr die p\u00e4dagogische Arbeit. Wenn Sie sich vom Newsletter abmelden m\u00f6chten, schicken Sie uns einfach eine E-Mail. Registrierungsformular Melden Sie sich hier kostenlos f\u00fcr den babybedenkzeit\u00ae Newsletter an. Sind Sie damit [&hellip;]<\/p>\n","protected":false},"author":1,"featured_media":0,"parent":0,"menu_order":0,"comment_status":"closed","ping_status":"closed","template":"elementor_header_footer","meta":{"footnotes":""},"class_list":["post-925","page","type-page","status-publish","hentry"],"_links":{"self":[{"href":"https:\/\/babybedenkzeit.de\/nl\/wp-json\/wp\/v2\/pages\/925","targetHints":{"allow":["GET"]}}],"collection":[{"href":"https:\/\/babybedenkzeit.de\/nl\/wp-json\/wp\/v2\/pages"}],"about":[{"href":"https:\/\/babybedenkzeit.de\/nl\/wp-json\/wp\/v2\/types\/page"}],"author":[{"embeddable":true,"href":"https:\/\/babybedenkzeit.de\/nl\/wp-json\/wp\/v2\/users\/1"}],"replies":[{"embeddable":true,"href":"https:\/\/babybedenkzeit.de\/nl\/wp-json\/wp\/v2\/comments?post=925"}],"version-history":[{"count":17,"href":"https:\/\/babybedenkzeit.de\/nl\/wp-json\/wp\/v2\/pages\/925\/revisions"}],"predecessor-version":[{"id":2458,"href":"https:\/\/babybedenkzeit.de\/nl\/wp-json\/wp\/v2\/pages\/925\/revisions\/2458"}],"wp:attachment":[{"href":"https:\/\/babybedenkzeit.de\/nl\/wp-json\/wp\/v2\/media?parent=925"}],"curies":[{"name":"wp","href":"https:\/\/api.w.org\/{rel}","templated":true}]}}